{"id":63,"date":"2020-01-10T14:09:45","date_gmt":"2020-01-10T13:09:45","guid":{"rendered":"https:\/\/shiatsu-lille.com\/?page_id=63"},"modified":"2025-03-29T15:37:09","modified_gmt":"2025-03-29T14:37:09","slug":"a-propos","status":"publish","type":"page","link":"https:\/\/shiatsu-lille.com\/index.php\/a-propos\/","title":{"rendered":"A propos"},"content":{"rendered":"\n<div class=\"wp-block-getwid-section alignfull alignfull getwid-margin-top-large getwid-section-content-custom-width\"><div class=\"wp-block-getwid-section__wrapper getwid-padding-left-medium getwid-padding-right-medium\"><div class=\"wp-block-getwid-section__inner-wrapper\" style=\"max-width:740px\"><div class=\"wp-block-getwid-section__background-holder\"><div class=\"wp-block-getwid-section__background\"><\/div><div class=\"wp-block-getwid-section__foreground\"><\/div><\/div><div class=\"wp-block-getwid-section__content\"><div class=\"wp-block-getwid-section__inner-content\">\n<div class=\"wp-block-getwid-advanced-heading\" style=\"margin-bottom:50px;margin-top:10px\"><h2 class=\"wp-block-getwid-advanced-heading__content\" style=\"text-align:center\">St\u00e9phanie Campagnie<\/h2><\/div>\n\n\n\n<div class=\"wp-block-image\"><figure class=\"alignleft\"><img loading=\"lazy\" width=\"216\" height=\"322\" src=\"https:\/\/shiatsu-lille.com\/wp-content\/uploads\/2020\/01\/St\u00e9phanie-Campagnie.jpg\" alt=\"\" class=\"wp-image-507\" srcset=\"https:\/\/shiatsu-lille.com\/wp-content\/uploads\/2020\/01\/St\u00e9phanie-Campagnie.jpg 216w, https:\/\/shiatsu-lille.com\/wp-content\/uploads\/2020\/01\/St\u00e9phanie-Campagnie-201x300.jpg 201w\" sizes=\"(max-width: 216px) 100vw, 216px\" \/><\/figure><\/div>\n\n\n\n<p class=\"has-gray-color has-text-color has-background\" style=\"background-color:#f5f4f7;font-size:18px\"><strong>Accompagner au mieux, par le soin, le toucher et la parole<\/strong> <\/p>\n\n\n\n<p>J\u2019ai pratiqu\u00e9 intens\u00e9ment la danse, puis le Tai Chi. Ces disciplines de mouvement et de mise en mouvement m\u2019ont ouvert la voie du <strong>Shiatsu <\/strong>et de la <strong>m\u00e9decine <\/strong>traditionnelle <strong>chinoise <\/strong>que je pratique depuis 2010. <\/p>\n\n\n\n<p>Je me suis form\u00e9e \u00e0 ces disciplines \u00e0 l\u2019Ecole Shiatsu Nord (Lille) et \u00e0 l\u2019Institut Chuzhen \u00e0 Paris.<\/p>\n\n\n\n<p>J&rsquo;ai exp\u00e9riment\u00e9 ma pratique en Chine, lors d\u2019un stage \u00e0 l&rsquo;h\u00f4pital de la ville de Kunming&nbsp;; en Inde, comme b\u00e9n\u00e9vole dans des dispensaires \u00e0 Bombay&nbsp;; \u00e0 Calais aupr\u00e8s des exil\u00e9s&nbsp;; \u00e0 Lille avec les Restos du C\u0153ur&nbsp;; dans des entreprises, des festivals, ou encore dans un centre m\u00e9dico-psychologique \u00e0 Tourcoing en animant des ateliers.<\/p>\n\n\n\n<p>Je me forme depuis une dizaine d\u2019ann\u00e9es au d\u00e9veloppement personnel afin de me doter d\u2019outils diff\u00e9rents et adapt\u00e9s. La gestion du stress et des \u00e9motions, l\u2019hypersensibilit\u00e9 sont notamment des axes de d\u00e9veloppement personnel que je propose via des pratiques issues de l\u2019Eth\u00e9rapie.<\/p>\n\n\n\n<p><strong>Je propose un accompagnement personnel et individualis\u00e9 dans une optique de pr\u00e9vention :&nbsp; <\/strong><br>. Cerner pr\u00e9cis\u00e9ment vos besoins,<br>. Comprendre votre terrain, les forces et les faiblesses de votre organisme,<br>.  Vous conseiller sur votre alimentation, vous proposer des exercices et des techniques aptes \u00e0 vous autonomiser. <\/p>\n\n\n\n<div class=\"wp-block-getwid-advanced-spacer\" style=\"height:20px\" aria-hidden=\"true\"><\/div>\n\n\n\n<div class=\"wp-block-button aligncenter\"><a class=\"wp-block-button__link has-text-color has-background\" href=\"https:\/\/shiatsu-lille.com\/index.php\/ma-pratique\/\" style=\"background-color:#000000;color:#ffffff\">Ma pratique<br><\/a><\/div>\n<\/div><\/div><\/div><\/div><\/div>\n","protected":false},"excerpt":{"rendered":"","protected":false},"author":1,"featured_media":507,"parent":0,"menu_order":0,"comment_status":"closed","ping_status":"closed","template":"","meta":[],"yoast_head":"<!-- This site is optimized with the Yoast SEO plugin v15.5 - https:\/\/yoast.com\/wordpress\/plugins\/seo\/ -->\n<title>A propos - Shiatsu-lille<\/title>\n<meta name=\"description\" content=\"Parcours et pr\u00e9sentation de St\u00e9phanie Campagnie praticienne en shiatsu et m\u00e9decine chinoise. Pr\u00e9sentation de son accompagnement et sa fa\u00e7on de pratiquer.\" \/>\n<meta name=\"robots\" content=\"index, follow, max-snippet:-1, max-image-preview:large, max-video-preview:-1\" \/>\n<link rel=\"canonical\" href=\"https:\/\/shiatsu-lille.com\/index.php\/a-propos\/\" \/>\n<meta property=\"og:locale\" content=\"fr_FR\" \/>\n<meta property=\"og:type\" content=\"article\" \/>\n<meta property=\"og:title\" content=\"A propos - Shiatsu-lille\" \/>\n<meta property=\"og:description\" content=\"Parcours et pr\u00e9sentation de St\u00e9phanie Campagnie praticienne en shiatsu et m\u00e9decine chinoise. Pr\u00e9sentation de son accompagnement et sa fa\u00e7on de pratiquer.\" \/>\n<meta property=\"og:url\" content=\"https:\/\/shiatsu-lille.com\/index.php\/a-propos\/\" \/>\n<meta property=\"og:site_name\" content=\"Shiatsu-lille\" \/>\n<meta property=\"article:modified_time\" content=\"2025-03-29T14:37:09+00:00\" \/>\n<meta property=\"og:image\" content=\"https:\/\/shiatsu-lille.com\/wp-content\/uploads\/2020\/01\/St\u00e9phanie-Campagnie.jpg\" \/>\n\t<meta property=\"og:image:width\" content=\"216\" \/>\n\t<meta property=\"og:image:height\" content=\"322\" \/>\n<meta name=\"twitter:card\" content=\"summary_large_image\" \/>\n<meta name=\"twitter:label1\" content=\"Dur\u00e9e de lecture est.\">\n\t<meta name=\"twitter:data1\" content=\"1 minute\">\n<script type=\"application\/ld+json\" class=\"yoast-schema-graph\">{\"@context\":\"https:\/\/schema.org\",\"@graph\":[{\"@type\":\"WebSite\",\"@id\":\"https:\/\/shiatsu-lille.com\/#website\",\"url\":\"https:\/\/shiatsu-lille.com\/\",\"name\":\"Shiatsu-lille\",\"description\":\"Pratique du Shiatsu\",\"potentialAction\":[{\"@type\":\"SearchAction\",\"target\":\"https:\/\/shiatsu-lille.com\/?s={search_term_string}\",\"query-input\":\"required name=search_term_string\"}],\"inLanguage\":\"fr-FR\"},{\"@type\":\"ImageObject\",\"@id\":\"https:\/\/shiatsu-lille.com\/index.php\/a-propos\/#primaryimage\",\"inLanguage\":\"fr-FR\",\"url\":\"https:\/\/shiatsu-lille.com\/wp-content\/uploads\/2020\/01\/St\\u00e9phanie-Campagnie.jpg\",\"width\":216,\"height\":322},{\"@type\":\"WebPage\",\"@id\":\"https:\/\/shiatsu-lille.com\/index.php\/a-propos\/#webpage\",\"url\":\"https:\/\/shiatsu-lille.com\/index.php\/a-propos\/\",\"name\":\"A propos - Shiatsu-lille\",\"isPartOf\":{\"@id\":\"https:\/\/shiatsu-lille.com\/#website\"},\"primaryImageOfPage\":{\"@id\":\"https:\/\/shiatsu-lille.com\/index.php\/a-propos\/#primaryimage\"},\"datePublished\":\"2020-01-10T13:09:45+00:00\",\"dateModified\":\"2025-03-29T14:37:09+00:00\",\"description\":\"Parcours et pr\\u00e9sentation de St\\u00e9phanie Campagnie praticienne en shiatsu et m\\u00e9decine chinoise. Pr\\u00e9sentation de son accompagnement et sa fa\\u00e7on de pratiquer.\",\"inLanguage\":\"fr-FR\",\"potentialAction\":[{\"@type\":\"ReadAction\",\"target\":[\"https:\/\/shiatsu-lille.com\/index.php\/a-propos\/\"]}]}]}<\/script>\n<!-- \/ Yoast SEO plugin. -->","_links":{"self":[{"href":"https:\/\/shiatsu-lille.com\/index.php\/wp-json\/wp\/v2\/pages\/63"}],"collection":[{"href":"https:\/\/shiatsu-lille.com\/index.php\/wp-json\/wp\/v2\/pages"}],"about":[{"href":"https:\/\/shiatsu-lille.com\/index.php\/wp-json\/wp\/v2\/types\/page"}],"author":[{"embeddable":true,"href":"https:\/\/shiatsu-lille.com\/index.php\/wp-json\/wp\/v2\/users\/1"}],"replies":[{"embeddable":true,"href":"https:\/\/shiatsu-lille.com\/index.php\/wp-json\/wp\/v2\/comments?post=63"}],"version-history":[{"count":13,"href":"https:\/\/shiatsu-lille.com\/index.php\/wp-json\/wp\/v2\/pages\/63\/revisions"}],"predecessor-version":[{"id":735,"href":"https:\/\/shiatsu-lille.com\/index.php\/wp-json\/wp\/v2\/pages\/63\/revisions\/735"}],"wp:featuredmedia":[{"embeddable":true,"href":"https:\/\/shiatsu-lille.com\/index.php\/wp-json\/wp\/v2\/media\/507"}],"wp:attachment":[{"href":"https:\/\/shiatsu-lille.com\/index.php\/wp-json\/wp\/v2\/media?parent=63"}],"curies":[{"name":"wp","href":"https:\/\/api.w.org\/{rel}","templated":true}]}}