{"id":44,"date":"2020-01-10T12:48:39","date_gmt":"2020-01-10T11:48:39","guid":{"rendered":"https:\/\/shiatsu-lille.com\/?page_id=44"},"modified":"2025-04-06T14:52:49","modified_gmt":"2025-04-06T12:52:49","slug":"ma-pratique","status":"publish","type":"page","link":"https:\/\/shiatsu-lille.com\/index.php\/ma-pratique\/","title":{"rendered":"Ma pratique"},"content":{"rendered":"\n<div id=\"shiatsu-assis\" class=\"wp-block-getwid-section alignfull getwid-section-content-custom-width\"><div class=\"wp-block-getwid-section__wrapper getwid-padding-top-large getwid-padding-bottom-large getwid-padding-left-medium getwid-padding-right-medium\" style=\"min-height:82vh\"><div class=\"wp-block-getwid-section__inner-wrapper\" style=\"max-width:740px\"><div class=\"wp-block-getwid-section__background-holder\"><div class=\"wp-block-getwid-section__background\" style=\"background-image:url('https:\/\/shiatsu-lille.com\/wp-content\/uploads\/2020\/01\/Medecine-chinoise1.jpg')\"><div class=\"wp-block-getwid-section__background-image-wrapper\"><img class=\"wp-block-getwid-section__background-image\" src=\"https:\/\/shiatsu-lille.com\/wp-content\/uploads\/2020\/01\/Medecine-chinoise1.jpg\" alt=\"\"\/><\/div><\/div><div class=\"wp-block-getwid-section__foreground\" style=\"opacity:0.34;background-color:#000000\"><\/div><\/div><div class=\"wp-block-getwid-section__content\"><div class=\"wp-block-getwid-section__inner-content\">\n<div class=\"wp-block-getwid-advanced-heading\" style=\"margin-bottom:30px;margin-top:0px\"><h2 class=\"wp-block-getwid-advanced-heading__content has-text-color\" style=\"text-align:center;color:#ffffff\">Ma pratique<\/h2><\/div>\n\n\n\n<p class=\"has-text-align-center has-text-color has-medium-font-size\" style=\"color:#ffffff\">Laissez vous guider pour mieux vous conna\u00eetre et avancer sur votre chemin, \u00e0 votre rythme, par le soin, le toucher et la parole<\/p>\n\n\n\n<div class=\"wp-block-getwid-advanced-spacer\" style=\"height:20px\" aria-hidden=\"true\"><\/div>\n\n\n\n<div class=\"wp-block-getwid-button-group\"><div class=\"wp-block-getwid-button-group__wrapper has-alignment-center\">\n<div class=\"wp-block-button is-style-default\"><a class=\"wp-block-button__link has-light-violet-color has-text-color has-background\" href=\"#seance\" style=\"background-color:#1e6c9a\">Votre s\u00e9ance<br><\/a><\/div>\n\n\n\n<div class=\"wp-block-button\"><a class=\"wp-block-button__link has-text-color has-background\" href=\"#shiatsu\" style=\"background-color:#ffffff;color:#1e6c9a\">Shiatsu<br><\/a><\/div>\n\n\n\n<div class=\"wp-block-button is-style-outline\"><a class=\"wp-block-button__link has-light-violet-color has-text-color\" href=\"#mtc\">M\u00e9decine chinoise<br><\/a><\/div>\n\n\n\n<div class=\"wp-block-button\"><a class=\"wp-block-button__link has-light-gray-background-color has-text-color has-background\" href=\"#Gestion\" style=\"color:#1e6c9a\">gESTION DU STRESS ET DES \u00c9MOTIONS<\/a><\/div>\n<\/div><\/div>\n<\/div><\/div><\/div><\/div><\/div>\n\n\n\n<div class=\"wp-block-getwid-advanced-spacer\" style=\"height:100px\" aria-hidden=\"true\"><\/div>\n\n\n\n<div id=\"seance\" class=\"wp-block-getwid-section alignfull getwid-section-content-custom-width\"><div class=\"wp-block-getwid-section__wrapper getwid-padding-left-medium getwid-padding-right-medium\"><div class=\"wp-block-getwid-section__inner-wrapper\" style=\"max-width:1140px\"><div class=\"wp-block-getwid-section__background-holder\"><div class=\"wp-block-getwid-section__background\"><\/div><div class=\"wp-block-getwid-section__foreground\"><\/div><\/div><div class=\"wp-block-getwid-section__content\"><div class=\"wp-block-getwid-section__inner-content\">\n<div class=\"wp-block-getwid-advanced-heading\" style=\"margin-bottom:30px;margin-top:10px\"><h2 class=\"wp-block-getwid-advanced-heading__content\" style=\"text-align:center\">Votre s\u00e9ance<\/h2><\/div>\n\n\n\n<p class=\"has-text-align-center\">J\u2019ai \u00e0 c\u0153ur de travailler avec une grande bienveillance et d\u2019adapter les s\u00e9ances \u00e0 vos besoins, en<br> proposant un accompagnement <strong><span style=\"color:#2c3847\" class=\"tadv-color\">personnalis\u00e9 <\/span><\/strong>et individualis\u00e9 dans une optique de pr\u00e9vention.<\/p>\n\n\n\n<div class=\"wp-block-getwid-advanced-spacer\" style=\"height:40px\" aria-hidden=\"true\"><\/div>\n\n\n\n<div class=\"wp-block-columns has-3-columns\">\n<div class=\"wp-block-column\">\n<div class=\"wp-block-getwid-icon-box has-text-center\"><div class=\"wp-block-getwid-icon-box__icon-container is-position-top\"><div class=\"wp-block-getwid-icon-box__icon-wrapper has-text-color\" style=\"font-size:36px;padding:0px;color:#1e6c9a\"><i class=\"far fa-comment\"><\/i><\/div><\/div><div class=\"wp-block-getwid-icon-box__content\">\n<div class=\"wp-block-getwid-advanced-heading\"><h3 class=\"wp-block-getwid-advanced-heading__content\">Vos besoins<\/h3><\/div>\n\n\n\n<p>Cerner pr\u00e9cis\u00e9ment vos besoins pour vous proposer le suivi qui vous correspond le mieux <\/p>\n<\/div><\/div>\n<\/div>\n\n\n\n<div class=\"wp-block-column\">\n<div class=\"wp-block-getwid-icon-box has-text-center\"><div class=\"wp-block-getwid-icon-box__icon-container is-position-top\"><div class=\"wp-block-getwid-icon-box__icon-wrapper has-text-color\" style=\"font-size:36px;padding:0px;color:#1e6c9a\"><i class=\"far fa-eye\"><\/i><\/div><\/div><div class=\"wp-block-getwid-icon-box__content\">\n<div class=\"wp-block-getwid-advanced-heading\"><h3 class=\"wp-block-getwid-advanced-heading__content\">Votre terrain<\/h3><\/div>\n\n\n\n<p>Analyser les forces et les faiblesses de votre organisme \u00e0 travers la lecture de la m\u00e9decine traditionnelle chinoise<\/p>\n<\/div><\/div>\n<\/div>\n\n\n\n<div class=\"wp-block-column\">\n<div class=\"wp-block-getwid-icon-box has-text-center\"><div class=\"wp-block-getwid-icon-box__icon-container is-position-top\"><div class=\"wp-block-getwid-icon-box__icon-wrapper has-text-color\" style=\"font-size:36px;padding:0px;color:#1e6c9a\"><i class=\"fab fa-odnoklassniki\"><\/i><\/div><\/div><div class=\"wp-block-getwid-icon-box__content\">\n<div class=\"wp-block-getwid-advanced-heading\"><h3 class=\"wp-block-getwid-advanced-heading__content\">Votre autonomie<\/h3><\/div>\n\n\n\n<p> Vous conseiller sur votre alimentation, vous proposer des exercices et des techniques aptes \u00e0 vous autonomiser<\/p>\n<\/div><\/div>\n<\/div>\n<\/div>\n<\/div><\/div><\/div><\/div><\/div>\n\n\n\n<div id=\"shiatsu\" class=\"wp-block-getwid-section alignfull getwid-section-content-custom-width\"><div class=\"wp-block-getwid-section__wrapper getwid-padding-left-medium getwid-padding-right-medium\"><div class=\"wp-block-getwid-section__inner-wrapper\" style=\"max-width:1140px\"><div class=\"wp-block-getwid-section__background-holder\"><div class=\"wp-block-getwid-section__background\"><\/div><div class=\"wp-block-getwid-section__foreground\"><\/div><\/div><div class=\"wp-block-getwid-section__content\"><div class=\"wp-block-getwid-section__inner-content\">\n<div class=\"wp-block-getwid-advanced-heading\" style=\"margin-bottom:30px;margin-top:10px\"><h2 class=\"wp-block-getwid-advanced-heading__content\" style=\"text-align:center\">Shiatsu traditionnel<\/h2><\/div>\n\n\n\n<p class=\"has-text-align-center\">Art traditionnel d\u2019acupression venu du Japon qui signifie \u00ab pression avec les pouces\u00bb.<br> Cette technique se base sur les principes de l\u2019\u00e9nergie traditionnelle chinoise qui aborde le corps humain sous un angle global.<br> Il r\u00e9tablit une circulation harmonieuse de l\u2019\u00e9nergie (le Qi) par des pressions profondes, des \u00e9tirements,<br> des exercices de respiration.<\/p>\n\n\n\n<p class=\"has-text-align-center\">C\u2019est un temps pour soi et pour se poser. C\u2019est un temps de r\u00e9\u00e9quilibrage physique et \u00e9motionnel car la relaxation est profonde.<br> C&rsquo;est aussi une excellente technique d&rsquo;accompagnement pour les personnes hypersensitives.<br> Une s\u00e9ance r\u00e9guli\u00e8re (une fois par mois ou aux changements de saison) est conseill\u00e9e dans une<br> optique de pr\u00e9vention.<\/p>\n<\/div><\/div><\/div><\/div><\/div>\n\n\n\n<div class=\"wp-block-getwid-advanced-spacer\" style=\"height:100px\" aria-hidden=\"true\"><\/div>\n\n\n\n<div id=\"mtc\" class=\"wp-block-getwid-section alignfull getwid-section-content-custom-width\"><div class=\"wp-block-getwid-section__wrapper getwid-padding-left-medium getwid-padding-right-medium\"><div class=\"wp-block-getwid-section__inner-wrapper\" style=\"max-width:1140px\"><div class=\"wp-block-getwid-section__background-holder\"><div class=\"wp-block-getwid-section__background\"><\/div><div class=\"wp-block-getwid-section__foreground\"><\/div><\/div><div class=\"wp-block-getwid-section__content\"><div class=\"wp-block-getwid-section__inner-content\">\n<div class=\"wp-block-getwid-advanced-heading\" style=\"margin-bottom:30px;margin-top:10px\"><h2 class=\"wp-block-getwid-advanced-heading__content\" style=\"text-align:center\"> M\u00e9decine traditionnelle chinoise <\/h2><\/div>\n\n\n\n<p class=\"has-text-align-center\">Cette pratique mill\u00e9naire consid\u00e8re l\u2019\u00eatre humain comme un <strong>ensemble<\/strong>, corps, c\u0153ur, esprit.<br> Elle vise \u00e0 maintenir l&rsquo;harmonie de l&rsquo;\u00e9nergie \u00e0 l&rsquo;int\u00e9rieur du corps; cette <strong><span style=\"color:#2c3847\" class=\"tadv-color\">\u00e9nergie fondamentale (le Qi)<\/span><\/strong> anime l\u2019univers et chaque \u00eatre vivant.<br> Ce flux \u00e9nerg\u00e9tique continu circule dans tout le corps \u00e0 travers des routes \u00e9nerg\u00e9tiques appel\u00e9es m\u00e9ridiens; et sur ces routes se trouvent les points d&rsquo;acupuncture.<br> La m\u00e9decine traditionnelle chinoise a pour objectif premier la <span style=\"color:#2c3847\" class=\"tadv-color\"><strong>pr\u00e9vention<\/strong>.<br><\/span> Elle constitue une excellente <strong><span style=\"color:#2c3847\" class=\"tadv-color\">technique d\u2019accompagnement<\/span> <\/strong>pour retrouver la fluidit\u00e9.<\/p>\n\n\n\n<div class=\"wp-block-getwid-advanced-spacer\" style=\"height:40px\" aria-hidden=\"true\"><\/div>\n\n\n\n<div class=\"wp-block-columns has-3-columns\">\n<div class=\"wp-block-column\">\n<div class=\"wp-block-getwid-icon-box has-text-center\"><div class=\"wp-block-getwid-icon-box__icon-container is-position-top\"><div class=\"wp-block-getwid-icon-box__icon-wrapper has-text-color\" style=\"font-size:36px;padding:0px;color:#1e6c9a\"><i class=\"fas fa-assistive-listening-systems\"><\/i><\/div><\/div><div class=\"wp-block-getwid-icon-box__content\">\n<div class=\"wp-block-getwid-advanced-heading\"><h3 class=\"wp-block-getwid-advanced-heading__content\">Auriculoth\u00e9rapie<\/h3><\/div>\n\n\n\n<p> Technique de stimulation des points de l&rsquo;oreille.<br><strong><span style=\"color:#2c3847\" class=\"tadv-color\">L&rsquo;oreille<\/span><\/strong>, consid\u00e9r\u00e9e comme \u00ab\u00a0la partie pour le tout\u00a0\u00bb, repr\u00e9sente une <strong><span style=\"color:#2c3847\" class=\"tadv-color\">cartographie<\/span> <\/strong>de l&rsquo;ensemble du<br>corps et les points stimul\u00e9s d\u00e9clenchent une sorte <span style=\"color:#2c3847\" class=\"tadv-color\">d&rsquo;<strong>action \u00e0 distance <\/strong><\/span>et\u00a0poursuit l&rsquo;action d&rsquo;une s\u00e9ance. Elle s&rsquo;av\u00e8re<br>particuli\u00e8rement <strong><span style=\"color:#2c3847\" class=\"tadv-color\">efficace <\/span><\/strong>dans le sevrage de d\u00e9pendances.<\/p>\n<\/div><\/div>\n<\/div>\n\n\n\n<div class=\"wp-block-column\">\n<div class=\"wp-block-getwid-icon-box has-text-center\"><div class=\"wp-block-getwid-icon-box__icon-container is-position-top\"><div class=\"wp-block-getwid-icon-box__icon-wrapper has-text-color\" style=\"font-size:36px;padding:0px;color:#1e6c9a\"><i class=\"far fa-bell\"><\/i><\/div><\/div><div class=\"wp-block-getwid-icon-box__content\">\n<div class=\"wp-block-getwid-advanced-heading\"><h3 class=\"wp-block-getwid-advanced-heading__content\">Ventouses<\/h3><\/div>\n\n\n\n<p>Elles permettent, selon le type de technique utilis\u00e9e, de chasser le froid, de faire circuler l&rsquo;\u00e9nergie. La pose de ventouses procure une sensation d&rsquo;<strong><span style=\"color:#2c3847\" class=\"tadv-color\">\u00e9tirement<\/span><\/strong>, de <strong><span style=\"color:#2c3847\" class=\"tadv-color\">rel\u00e2chement<\/span> <\/strong>et d&rsquo;<span style=\"color:#2c3847\" class=\"tadv-color\"><strong>apaisement<\/strong><br> <strong>imm\u00e9diat<\/strong>. <\/span> <br> Cette technique facilite le flux lymphatique, accro\u00eet la circulation sanguine, s&rsquo;av\u00e8re un rem\u00e8de efficace<br> contre le froid, les coups de froid, les tensions du dos.<\/p>\n<\/div><\/div>\n<\/div>\n\n\n\n<div class=\"wp-block-column\">\n<div class=\"wp-block-getwid-icon-box has-text-center\"><div class=\"wp-block-getwid-icon-box__icon-container is-position-top\"><div class=\"wp-block-getwid-icon-box__icon-wrapper has-text-color\" style=\"font-size:36px;padding:0px;color:#1e6c9a\"><i class=\"far fa-user\"><\/i><\/div><\/div><div class=\"wp-block-getwid-icon-box__content\">\n<div class=\"wp-block-getwid-advanced-heading\"><h3 class=\"wp-block-getwid-advanced-heading__content\">Aculift<\/h3><\/div>\n\n\n\n<p><strong><span style=\"color:#2c3847\" class=\"tadv-color\">Soin lifting du visage complet<\/span><\/strong> et <strong><span style=\"color:#2c3847\" class=\"tadv-color\">naturel<\/span> <\/strong>du visage sur les bases de la m\u00e9decine chinoise.<br> Cette m\u00e9thode naturelle et performante offre des r\u00e9sultats visibles en 3 s\u00e9ances.<br> L\u2019\u00e9nergie du visage est stimul\u00e9e, revitalis\u00e9e. Le teint retrouve \u00e9clat et fermet\u00e9. La s\u00e9ance offre d\u00e9tente<br> et relaxation.<br> Il est conseill\u00e9 de recevoir trois soins rapproch\u00e9s la premi\u00e8re fois puis d\u2019entretenir de fa\u00e7on r\u00e9guli\u00e8re.<\/p>\n<\/div><\/div>\n<\/div>\n<\/div>\n<\/div><\/div><\/div><\/div><\/div>\n\n\n\n<div id=\"Gestion\" class=\"wp-block-getwid-section alignfull getwid-section-content-custom-width\"><div class=\"wp-block-getwid-section__wrapper getwid-padding-left-medium getwid-padding-right-medium\"><div class=\"wp-block-getwid-section__inner-wrapper\" style=\"max-width:1140px\"><div class=\"wp-block-getwid-section__background-holder\"><div class=\"wp-block-getwid-section__background\"><\/div><div class=\"wp-block-getwid-section__foreground\"><\/div><\/div><div class=\"wp-block-getwid-section__content\"><div class=\"wp-block-getwid-section__inner-content\">\n<div class=\"wp-block-getwid-advanced-heading\" style=\"margin-bottom:30px;margin-top:10px\"><h2 class=\"wp-block-getwid-advanced-heading__content\" style=\"text-align:center\">Gestion du stress et des \u00e9motions<\/h2><\/div>\n\n\n\n<p class=\"has-text-align-center\">Il s\u2019agit ici d\u2019aborder la <strong><span style=\"color:#2c3847\" class=\"tadv-color\">globalit\u00e9 \u00e9motionnelle, physique, mentale et spirituelle<\/span><\/strong> propre \u00e0 chacun.e.<\/p>\n\n\n\n<p class=\"has-text-align-center\">Lib\u00e9rer le stress et mieux appr\u00e9hender ses \u00e9motions permet de <strong><span style=\"color:#2c3847\" class=\"tadv-color\">retrouver de l\u2019\u00e9nergie<\/span><\/strong> et d\u2019acc\u00e9der \u00e0 son <strong><span style=\"color:#2c3847\" class=\"tadv-color\">potentiel<\/span><\/strong>.<\/p>\n\n\n\n<p class=\"has-text-align-center\">Via des outils (biotest, tarots) et surtout via des <strong><span style=\"color:#2c3847\" class=\"tadv-color\">exercices corporels<\/span><\/strong> (Qi Gong, respiration, yoga), les blocages \u00e9motionnels se transforment.<\/p>\n\n\n\n<p class=\"has-text-align-center\">4 s\u00e9ances de base permettent de retrouver son \u00e9quilibre int\u00e9rieur (\u00e9quilibre Yin et Yang, l\u2019enfant int\u00e9rieur, la relation aux autres). Cette pratique est particuli\u00e8rement adapt\u00e9e aux <span style=\"color:#2c3847\" class=\"tadv-color\"><strong>hypersensibles<\/strong> et <strong>hypersensoriels<\/strong>.<\/span><\/p>\n\n\n\n<div class=\"wp-block-getwid-advanced-spacer\" style=\"height:20px\" aria-hidden=\"true\"><\/div>\n<\/div><\/div><\/div><\/div><\/div>\n\n\n\n<p><\/p>\n\n\n\n<div class=\"wp-block-buttons\">\n<div class=\"wp-block-button\"><a class=\"wp-block-button__link\" href=\"https:\/\/shiatsu-lille.com\/index.php\/contact\/\">Prendre RENDEZ-VOUS<\/a><\/div>\n<\/div>\n\n\n\n<p><\/p>\n","protected":false},"excerpt":{"rendered":"","protected":false},"author":1,"featured_media":104,"parent":0,"menu_order":0,"comment_status":"closed","ping_status":"closed","template":"","meta":[],"yoast_head":"<!-- This site is optimized with the Yoast SEO plugin v15.5 - https:\/\/yoast.com\/wordpress\/plugins\/seo\/ -->\n<title>Ma pratique - Shiatsu-lille<\/title>\n<meta name=\"description\" content=\"D\u00e9roul\u00e9 d&#039;une s\u00e9ance de shiatsu et m\u00e9decine chinoise. Description des outils et techniques utilis\u00e9es : pressions, respiration, ventouses, auriculoth\u00e9rapie.\" \/>\n<meta name=\"robots\" content=\"index, follow, max-snippet:-1, max-image-preview:large, max-video-preview:-1\" \/>\n<link rel=\"canonical\" href=\"https:\/\/shiatsu-lille.com\/index.php\/ma-pratique\/\" \/>\n<meta property=\"og:locale\" content=\"fr_FR\" \/>\n<meta property=\"og:type\" content=\"article\" \/>\n<meta property=\"og:title\" content=\"Ma pratique - Shiatsu-lille\" \/>\n<meta property=\"og:description\" content=\"D\u00e9roul\u00e9 d&#039;une s\u00e9ance de shiatsu et m\u00e9decine chinoise. Description des outils et techniques utilis\u00e9es : pressions, respiration, ventouses, auriculoth\u00e9rapie.\" \/>\n<meta property=\"og:url\" content=\"https:\/\/shiatsu-lille.com\/index.php\/ma-pratique\/\" \/>\n<meta property=\"og:site_name\" content=\"Shiatsu-lille\" \/>\n<meta property=\"article:modified_time\" content=\"2025-04-06T12:52:49+00:00\" \/>\n<meta property=\"og:image\" content=\"https:\/\/shiatsu-lille.com\/wp-content\/uploads\/2020\/01\/Medecine-chinoise1.jpg\" \/>\n\t<meta property=\"og:image:width\" content=\"915\" \/>\n\t<meta property=\"og:image:height\" content=\"433\" \/>\n<meta name=\"twitter:card\" content=\"summary_large_image\" \/>\n<meta name=\"twitter:label1\" content=\"Dur\u00e9e de lecture est.\">\n\t<meta name=\"twitter:data1\" content=\"3 minutes\">\n<script type=\"application\/ld+json\" class=\"yoast-schema-graph\">{\"@context\":\"https:\/\/schema.org\",\"@graph\":[{\"@type\":\"WebSite\",\"@id\":\"https:\/\/shiatsu-lille.com\/#website\",\"url\":\"https:\/\/shiatsu-lille.com\/\",\"name\":\"Shiatsu-lille\",\"description\":\"Pratique du Shiatsu\",\"potentialAction\":[{\"@type\":\"SearchAction\",\"target\":\"https:\/\/shiatsu-lille.com\/?s={search_term_string}\",\"query-input\":\"required name=search_term_string\"}],\"inLanguage\":\"fr-FR\"},{\"@type\":\"ImageObject\",\"@id\":\"https:\/\/shiatsu-lille.com\/index.php\/ma-pratique\/#primaryimage\",\"inLanguage\":\"fr-FR\",\"url\":\"https:\/\/shiatsu-lille.com\/wp-content\/uploads\/2020\/01\/Medecine-chinoise1.jpg\",\"width\":915,\"height\":433},{\"@type\":\"WebPage\",\"@id\":\"https:\/\/shiatsu-lille.com\/index.php\/ma-pratique\/#webpage\",\"url\":\"https:\/\/shiatsu-lille.com\/index.php\/ma-pratique\/\",\"name\":\"Ma pratique - Shiatsu-lille\",\"isPartOf\":{\"@id\":\"https:\/\/shiatsu-lille.com\/#website\"},\"primaryImageOfPage\":{\"@id\":\"https:\/\/shiatsu-lille.com\/index.php\/ma-pratique\/#primaryimage\"},\"datePublished\":\"2020-01-10T11:48:39+00:00\",\"dateModified\":\"2025-04-06T12:52:49+00:00\",\"description\":\"D\\u00e9roul\\u00e9 d'une s\\u00e9ance de shiatsu et m\\u00e9decine chinoise. Description des outils et techniques utilis\\u00e9es : pressions, respiration, ventouses, auriculoth\\u00e9rapie.\",\"inLanguage\":\"fr-FR\",\"potentialAction\":[{\"@type\":\"ReadAction\",\"target\":[\"https:\/\/shiatsu-lille.com\/index.php\/ma-pratique\/\"]}]}]}<\/script>\n<!-- \/ Yoast SEO plugin. -->","_links":{"self":[{"href":"https:\/\/shiatsu-lille.com\/index.php\/wp-json\/wp\/v2\/pages\/44"}],"collection":[{"href":"https:\/\/shiatsu-lille.com\/index.php\/wp-json\/wp\/v2\/pages"}],"about":[{"href":"https:\/\/shiatsu-lille.com\/index.php\/wp-json\/wp\/v2\/types\/page"}],"author":[{"embeddable":true,"href":"https:\/\/shiatsu-lille.com\/index.php\/wp-json\/wp\/v2\/users\/1"}],"replies":[{"embeddable":true,"href":"https:\/\/shiatsu-lille.com\/index.php\/wp-json\/wp\/v2\/comments?post=44"}],"version-history":[{"count":36,"href":"https:\/\/shiatsu-lille.com\/index.php\/wp-json\/wp\/v2\/pages\/44\/revisions"}],"predecessor-version":[{"id":771,"href":"https:\/\/shiatsu-lille.com\/index.php\/wp-json\/wp\/v2\/pages\/44\/revisions\/771"}],"wp:featuredmedia":[{"embeddable":true,"href":"https:\/\/shiatsu-lille.com\/index.php\/wp-json\/wp\/v2\/media\/104"}],"wp:attachment":[{"href":"https:\/\/shiatsu-lille.com\/index.php\/wp-json\/wp\/v2\/media?parent=44"}],"curies":[{"name":"wp","href":"https:\/\/api.w.org\/{rel}","templated":true}]}}