{"id":16,"date":"2020-01-10T09:37:29","date_gmt":"2020-01-10T08:37:29","guid":{"rendered":"http:\/\/shiatsu-lille.com\/?page_id=16"},"modified":"2025-04-06T14:56:56","modified_gmt":"2025-04-06T12:56:56","slug":"contact","status":"publish","type":"page","link":"https:\/\/shiatsu-lille.com\/index.php\/contact\/","title":{"rendered":"Contact"},"content":{"rendered":"\n<div class=\"wp-block-getwid-section alignfull has-inner-blocks-gap-medium getwid-anim fadeIn getwid-section-content-custom-width\" data-wow-duration=\"1500ms\" data-wow-delay=\"200ms\"><div class=\"wp-block-getwid-section__wrapper getwid-padding-bottom-large getwid-padding-left-medium getwid-padding-right-medium getwid-reset-min-height-tablet getwid-reset-min-height-mobile\" style=\"min-height:84vh;padding-top:56px\"><div class=\"wp-block-getwid-section__inner-wrapper\" style=\"max-width:540px\"><div class=\"wp-block-getwid-section__background-holder\"><div class=\"wp-block-getwid-section__background\" style=\"background-image:url('https:\/\/shiatsu-lille.com\/wp-content\/uploads\/2025\/03\/1100882.jpg');background-repeat:no-repeat\"><div class=\"wp-block-getwid-section__background-image-wrapper\"><img class=\"wp-block-getwid-section__background-image\" src=\"https:\/\/shiatsu-lille.com\/wp-content\/uploads\/2025\/03\/1100882.jpg\" alt=\"\"\/><\/div><\/div><div class=\"wp-block-getwid-section__foreground\" style=\"opacity:0.52;background-color:#2c3847\"><\/div><\/div><div class=\"wp-block-getwid-section__content\"><div class=\"wp-block-getwid-section__inner-content\">\n<p class=\"has-text-align-center has-text-color\" style=\"color:#ffffff;font-size:19px\">Prenez RDV au 06 61 76 93 10 <\/p>\n\n\n\n<div class=\"wp-block-getwid-section alignwide alignwide getwid-anim fadeIn\" data-wow-duration=\"1500ms\" data-wow-delay=\"200ms\"><div class=\"wp-block-getwid-section__wrapper getwid-reset-min-height-tablet getwid-reset-min-height-mobile\" style=\"margin-left:4px\"><div class=\"wp-block-getwid-section__inner-wrapper\"><div class=\"wp-block-getwid-section__background-holder\"><div class=\"wp-block-getwid-section__background\"><\/div><div class=\"wp-block-getwid-section__foreground\"><\/div><\/div><div class=\"wp-block-getwid-section__content\"><div class=\"wp-block-getwid-section__inner-content\">\n<p class=\"has-text-align-center has-light-violet-color has-text-color\" style=\"font-size:22px\"><em><strong>4 rue Chateaubriand 59650 Villeneuve d&rsquo;Ascq<\/strong> <\/em><\/p>\n\n\n\n<p class=\"has-text-align-center has-light-violet-color has-text-color has-normal-font-size\">Parking gratuit rue de l&rsquo;Egalit\u00e9<em><br><\/em>M\u00e9tro Fort de Mons puis bus 13 arr\u00eat Fiacres <strong>ou <\/strong>m\u00e9tro Pont de Bois puis bus 13 arr\u00eat Flers Bourg<\/p>\n<\/div><\/div><\/div><\/div><\/div>\n\n\n\n<p class=\"has-text-align-center has-text-color\" style=\"color:#ffffff;font-size:19px\"><a href=\"mailto:info@shiatsu-lille.com\" target=\"_blank\" rel=\"noreferrer noopener\">info(at)shiatsu-lille.fr<\/a><br>SIRET: 53378352800037 <\/p>\n\n\n\n<div class=\"wp-block-getwid-social-links has-large-spacing has-icons-stacked\"><ul class=\"wp-block-getwid-social-links__list getwid-justify-content-center\"><li class=\"wp-block-getwid-social-links__item\"><a class=\"wp-block-getwid-social-links__link\" href=\"https:\/\/www.facebook.com\/pg\/Shiatsu-Lille-102876519800719\/posts\/?ref=page_internal\" target=\"_blank\" rel=\"noreferrer noopener\"><span class=\"wp-block-getwid-social-links__wrapper has-text-color has-background\" style=\"color:#000000;background-color:#ffffff\"><i class=\"fab fa-facebook-f\"><\/i><\/span><\/a><\/li><\/ul><\/div>\n\n\n\n<div data-map-zoom=\"14\" data-interaction=\"cooperative\" data-map-style=\"default\" data-map-center=\"{&quot;lat&quot;:50.63625511576245,&quot;lng&quot;:3.129725337028515}\" data-zoom-control=\"true\" data-type-control=\"true\" data-street-view-control=\"true\" data-full-screen-control=\"true\" data-map-markers=\"[{&quot;name&quot;:&quot;#1&quot;,&quot;description&quot;:&quot;&quot;,&quot;popUpOpen&quot;:false,&quot;popUpMaxWidth&quot;:250,&quot;bounce&quot;:false,&quot;coords&quot;:{&quot;lat&quot;:50.6358604431152,&quot;lng&quot;:3.02199172973633}},{&quot;name&quot;:&quot;#2&quot;,&quot;description&quot;:&quot;&quot;,&quot;popUpOpen&quot;:false,&quot;popUpMaxWidth&quot;:250,&quot;bounce&quot;:false,&quot;coords&quot;:{&quot;lat&quot;:0,&quot;lng&quot;:0}},{&quot;name&quot;:&quot;#4&quot;,&quot;description&quot;:&quot;&quot;,&quot;popUpOpen&quot;:false,&quot;popUpMaxWidth&quot;:250,&quot;bounce&quot;:false,&quot;coords&quot;:{&quot;lat&quot;:0,&quot;lng&quot;:0}},{&quot;name&quot;:&quot;#5&quot;,&quot;description&quot;:&quot;&quot;,&quot;popUpOpen&quot;:false,&quot;popUpMaxWidth&quot;:250,&quot;bounce&quot;:false,&quot;coords&quot;:{&quot;lat&quot;:0,&quot;lng&quot;:0}}]\" class=\"wp-block-getwid-map alignwide\"><div style=\"height:415px\" class=\"wp-block-getwid-map__container\"><\/div><ul class=\"wp-block-getwid-map__points\"><li><a href=\"https:\/\/maps.google.com\/?q=50.6358604431152,3.02199172973633&amp;ll=50.6358604431152,3.02199172973633&amp;z=14\">#1<\/a><\/li><li><a href=\"https:\/\/maps.google.com\/?q=0,0&amp;ll=0,0&amp;z=14\">#2<\/a><\/li><li><a href=\"https:\/\/maps.google.com\/?q=0,0&amp;ll=0,0&amp;z=14\">#4<\/a><\/li><li><a href=\"https:\/\/maps.google.com\/?q=0,0&amp;ll=0,0&amp;z=14\">#5<\/a><\/li><\/ul><\/div>\n<\/div><\/div><\/div><\/div><\/div>\n\n\n\n<p><\/p>\n","protected":false},"excerpt":{"rendered":"","protected":false},"author":1,"featured_media":7,"parent":0,"menu_order":0,"comment_status":"closed","ping_status":"closed","template":"","meta":[],"yoast_head":"<!-- This site is optimized with the Yoast SEO plugin v15.5 - https:\/\/yoast.com\/wordpress\/plugins\/seo\/ -->\n<title>Contact - Shiatsu-lille<\/title>\n<meta name=\"description\" content=\"Contact pour r\u00e9server une s\u00e9ance 06.61.76.93.10. Adresse 25 rue Turgot 59000 Lille. Acc\u00e8s m\u00e9tro Canteleu.\" \/>\n<meta name=\"robots\" content=\"index, follow, max-snippet:-1, max-image-preview:large, max-video-preview:-1\" \/>\n<link rel=\"canonical\" href=\"https:\/\/shiatsu-lille.com\/index.php\/contact\/\" \/>\n<meta property=\"og:locale\" content=\"fr_FR\" \/>\n<meta property=\"og:type\" content=\"article\" \/>\n<meta property=\"og:title\" content=\"Contact - Shiatsu-lille\" \/>\n<meta property=\"og:description\" content=\"Contact pour r\u00e9server une s\u00e9ance 06.61.76.93.10. Adresse 25 rue Turgot 59000 Lille. Acc\u00e8s m\u00e9tro Canteleu.\" \/>\n<meta property=\"og:url\" content=\"https:\/\/shiatsu-lille.com\/index.php\/contact\/\" \/>\n<meta property=\"og:site_name\" content=\"Shiatsu-lille\" \/>\n<meta property=\"article:modified_time\" content=\"2025-04-06T12:56:56+00:00\" \/>\n<meta property=\"og:image\" content=\"https:\/\/shiatsu-lille.com\/wp-content\/uploads\/2020\/01\/BNI.jpg\" \/>\n\t<meta property=\"og:image:width\" content=\"4286\" \/>\n\t<meta property=\"og:image:height\" content=\"2411\" \/>\n<meta name=\"twitter:card\" content=\"summary_large_image\" \/>\n<meta name=\"twitter:label1\" content=\"Dur\u00e9e de lecture est.\">\n\t<meta name=\"twitter:data1\" content=\"0 minute\">\n<script type=\"application\/ld+json\" class=\"yoast-schema-graph\">{\"@context\":\"https:\/\/schema.org\",\"@graph\":[{\"@type\":\"WebSite\",\"@id\":\"https:\/\/shiatsu-lille.com\/#website\",\"url\":\"https:\/\/shiatsu-lille.com\/\",\"name\":\"Shiatsu-lille\",\"description\":\"Pratique du Shiatsu\",\"potentialAction\":[{\"@type\":\"SearchAction\",\"target\":\"https:\/\/shiatsu-lille.com\/?s={search_term_string}\",\"query-input\":\"required name=search_term_string\"}],\"inLanguage\":\"fr-FR\"},{\"@type\":\"ImageObject\",\"@id\":\"https:\/\/shiatsu-lille.com\/index.php\/contact\/#primaryimage\",\"inLanguage\":\"fr-FR\",\"url\":\"https:\/\/shiatsu-lille.com\/wp-content\/uploads\/2020\/01\/BNI.jpg\",\"width\":4286,\"height\":2411},{\"@type\":\"WebPage\",\"@id\":\"https:\/\/shiatsu-lille.com\/index.php\/contact\/#webpage\",\"url\":\"https:\/\/shiatsu-lille.com\/index.php\/contact\/\",\"name\":\"Contact - Shiatsu-lille\",\"isPartOf\":{\"@id\":\"https:\/\/shiatsu-lille.com\/#website\"},\"primaryImageOfPage\":{\"@id\":\"https:\/\/shiatsu-lille.com\/index.php\/contact\/#primaryimage\"},\"datePublished\":\"2020-01-10T08:37:29+00:00\",\"dateModified\":\"2025-04-06T12:56:56+00:00\",\"description\":\"Contact pour r\\u00e9server une s\\u00e9ance 06.61.76.93.10. Adresse 25 rue Turgot 59000 Lille. Acc\\u00e8s m\\u00e9tro Canteleu.\",\"inLanguage\":\"fr-FR\",\"potentialAction\":[{\"@type\":\"ReadAction\",\"target\":[\"https:\/\/shiatsu-lille.com\/index.php\/contact\/\"]}]}]}<\/script>\n<!-- \/ Yoast SEO plugin. -->","_links":{"self":[{"href":"https:\/\/shiatsu-lille.com\/index.php\/wp-json\/wp\/v2\/pages\/16"}],"collection":[{"href":"https:\/\/shiatsu-lille.com\/index.php\/wp-json\/wp\/v2\/pages"}],"about":[{"href":"https:\/\/shiatsu-lille.com\/index.php\/wp-json\/wp\/v2\/types\/page"}],"author":[{"embeddable":true,"href":"https:\/\/shiatsu-lille.com\/index.php\/wp-json\/wp\/v2\/users\/1"}],"replies":[{"embeddable":true,"href":"https:\/\/shiatsu-lille.com\/index.php\/wp-json\/wp\/v2\/comments?post=16"}],"version-history":[{"count":36,"href":"https:\/\/shiatsu-lille.com\/index.php\/wp-json\/wp\/v2\/pages\/16\/revisions"}],"predecessor-version":[{"id":774,"href":"https:\/\/shiatsu-lille.com\/index.php\/wp-json\/wp\/v2\/pages\/16\/revisions\/774"}],"wp:featuredmedia":[{"embeddable":true,"href":"https:\/\/shiatsu-lille.com\/index.php\/wp-json\/wp\/v2\/media\/7"}],"wp:attachment":[{"href":"https:\/\/shiatsu-lille.com\/index.php\/wp-json\/wp\/v2\/media?parent=16"}],"curies":[{"name":"wp","href":"https:\/\/api.w.org\/{rel}","templated":true}]}}