{"id":12,"date":"2020-01-10T09:32:27","date_gmt":"2020-01-10T08:32:27","guid":{"rendered":"http:\/\/shiatsu-lille.com\/?page_id=12"},"modified":"2025-04-06T14:54:28","modified_gmt":"2025-04-06T12:54:28","slug":"tarifs","status":"publish","type":"page","link":"https:\/\/shiatsu-lille.com\/index.php\/tarifs\/","title":{"rendered":"Tarifs"},"content":{"rendered":"\n<div class=\"wp-block-getwid-section alignfull alignfull getwid-anim fadeIn getwid-margin-top-small getwid-margin-tablet-top-small getwid-margin-mobile-top-small getwid-section-content-custom-width\" data-wow-duration=\"1500ms\" data-wow-delay=\"200ms\"><div class=\"wp-block-getwid-section__wrapper getwid-padding-left-medium getwid-padding-right-medium\"><div class=\"wp-block-getwid-section__inner-wrapper\" style=\"max-width:1140px\"><div class=\"wp-block-getwid-section__background-holder\"><div class=\"wp-block-getwid-section__background\"><\/div><div class=\"wp-block-getwid-section__foreground\"><\/div><\/div><div class=\"wp-block-getwid-section__content\"><div class=\"wp-block-getwid-section__inner-content\">\n<div class=\"wp-block-columns has-2-columns\">\n<div class=\"wp-block-column\">\n<div class=\"wp-block-getwid-advanced-heading\" style=\"margin-bottom:20px\"><h3 class=\"wp-block-getwid-advanced-heading__content\">Shiatsu<\/h3><\/div>\n\n\n\n<div class=\"wp-block-getwid-price-list has-text-color has-dark-blue-color has-dots\"> <div class=\"wp-block-getwid-price-list__content-wrapper\"><div class=\"wp-block-getwid-price-list__header\"><p class=\"wp-block-getwid-price-list__title\">S\u00e9ance<\/p><div class=\"wp-block-getwid-price-list__price-line\"><\/div><div class=\"wp-block-getwid-price-list__price-wrapper has-currency-after\"><p class=\"wp-block-getwid-price-list__currency\">\u20ac<\/p><p class=\"wp-block-getwid-price-list__amount\">70<\/p><\/div><\/div><p class=\"wp-block-getwid-price-list__description\"><em>Dur\u00e9e 1h<\/em><\/p><\/div><\/div>\n\n\n\n<div class=\"wp-block-getwid-price-list has-text-color has-dark-blue-color has-dots\"> <div class=\"wp-block-getwid-price-list__content-wrapper\"><div class=\"wp-block-getwid-price-list__header\"><p class=\"wp-block-getwid-price-list__title\">Abonnement 4 s\u00e9ances\/an<\/p><div class=\"wp-block-getwid-price-list__price-line\"><\/div><div class=\"wp-block-getwid-price-list__price-wrapper has-currency-after\"><p class=\"wp-block-getwid-price-list__currency\">\u20ac<\/p><p class=\"wp-block-getwid-price-list__amount\">260<\/p><\/div><\/div><p class=\"wp-block-getwid-price-list__description\"><em>1 par changement de saison<\/em><\/p><\/div><\/div>\n\n\n\n<div class=\"wp-block-getwid-advanced-heading\" style=\"margin-bottom:20px;margin-top:50px\"><h3 class=\"wp-block-getwid-advanced-heading__content\"><br><\/h3><\/div>\n\n\n\n<div class=\"wp-block-getwid-advanced-heading\" style=\"margin-bottom:20px;margin-top:50px\"><h3 class=\"wp-block-getwid-advanced-heading__content\">Soin du visage Aculift<\/h3><\/div>\n\n\n\n<div class=\"wp-block-getwid-price-list has-text-color has-dark-blue-color has-dots\"> <div class=\"wp-block-getwid-price-list__content-wrapper\"><div class=\"wp-block-getwid-price-list__header\"><p class=\"wp-block-getwid-price-list__title\">S\u00e9ance<\/p><div class=\"wp-block-getwid-price-list__price-line\"><\/div><div class=\"wp-block-getwid-price-list__price-wrapper has-currency-after\"><p class=\"wp-block-getwid-price-list__currency\">\u20ac<\/p><p class=\"wp-block-getwid-price-list__amount\">90<\/p><\/div><\/div><p class=\"wp-block-getwid-price-list__description\"><em>Dur\u00e9e 1h<\/em><\/p><\/div><\/div>\n\n\n\n<div class=\"wp-block-getwid-price-list has-text-color has-dark-blue-color has-dots\"> <div class=\"wp-block-getwid-price-list__content-wrapper\"><div class=\"wp-block-getwid-price-list__header\"><p class=\"wp-block-getwid-price-list__title\">Forfait 3 s\u00e9ances<\/p><div class=\"wp-block-getwid-price-list__price-line\"><\/div><div class=\"wp-block-getwid-price-list__price-wrapper has-currency-after\"><p class=\"wp-block-getwid-price-list__currency\">\u20ac<\/p><p class=\"wp-block-getwid-price-list__amount\">240<\/p><\/div><\/div><p class=\"wp-block-getwid-price-list__description\"><em>S&rsquo;\u00e9tend sur une dur\u00e9e de 6 \u00e0 8 semaines<\/em><\/p><\/div><\/div>\n\n\n\n<p><\/p>\n<\/div>\n\n\n\n<div class=\"wp-block-column\">\n<div class=\"wp-block-getwid-advanced-heading\" style=\"margin-bottom:20px\"><h3 class=\"wp-block-getwid-advanced-heading__content\">M\u00e9decine traditionnelle chinoise<\/h3><\/div>\n\n\n\n<div class=\"wp-block-getwid-price-list has-text-color has-dark-blue-color has-dots\"> <div class=\"wp-block-getwid-price-list__content-wrapper\"><div class=\"wp-block-getwid-price-list__header\"><p class=\"wp-block-getwid-price-list__title\">S\u00e9ance<\/p><div class=\"wp-block-getwid-price-list__price-line\"><\/div><div class=\"wp-block-getwid-price-list__price-wrapper has-currency-after\"><p class=\"wp-block-getwid-price-list__currency\">\u20ac<\/p><p class=\"wp-block-getwid-price-list__amount\">60<\/p><\/div><\/div><p class=\"wp-block-getwid-price-list__description\"><em>Dur\u00e9e 1h<\/em><\/p><\/div><\/div>\n\n\n\n<div class=\"wp-block-getwid-price-list has-text-color has-dark-blue-color has-dots\"> <div class=\"wp-block-getwid-price-list__content-wrapper\"><div class=\"wp-block-getwid-price-list__header\"><p class=\"wp-block-getwid-price-list__title\">Abonnement 4 s\u00e9ances\/an <\/p><div class=\"wp-block-getwid-price-list__price-line\"><\/div><div class=\"wp-block-getwid-price-list__price-wrapper has-currency-after\"><p class=\"wp-block-getwid-price-list__currency\">\u20ac<\/p><p class=\"wp-block-getwid-price-list__amount\">220<\/p><\/div><\/div><p class=\"wp-block-getwid-price-list__description\"><em>1 par changement de saison<\/em><\/p><\/div><\/div>\n\n\n\n<div class=\"wp-block-getwid-price-list has-text-color has-dark-blue-color has-dots\"> <div class=\"wp-block-getwid-price-list__content-wrapper\"><div class=\"wp-block-getwid-price-list__header\"><p class=\"wp-block-getwid-price-list__title\">Ventouses (Cupping Therapy) <\/p><div class=\"wp-block-getwid-price-list__price-line\"><\/div><div class=\"wp-block-getwid-price-list__price-wrapper has-currency-after\"><p class=\"wp-block-getwid-price-list__currency\">\u20ac<\/p><p class=\"wp-block-getwid-price-list__amount\">70<\/p><\/div><\/div><\/div><\/div>\n\n\n\n\n\n<div class=\"wp-block-getwid-advanced-heading\"><h3 class=\"wp-block-getwid-advanced-heading__content has-text-color has-dark-blue-color\" style=\"text-transform:none\">Gestion du stress et des \u00e9motions<\/h3><\/div>\n\n\n\n<div class=\"wp-block-getwid-price-list has-text-color has-dark-blue-color has-dots\"> <div class=\"wp-block-getwid-price-list__content-wrapper\"><div class=\"wp-block-getwid-price-list__header\"><p class=\"wp-block-getwid-price-list__title\">S\u00e9ance<\/p><div class=\"wp-block-getwid-price-list__price-line\"><\/div><div class=\"wp-block-getwid-price-list__price-wrapper\"><p class=\"wp-block-getwid-price-list__amount\">70\u20ac<\/p><\/div><\/div><p class=\"wp-block-getwid-price-list__description\"><em>Dur\u00e9e de 1h \u00e0 1h30<\/em><\/p><\/div><\/div>\n\n\n\n<p><\/p>\n<\/div>\n<\/div>\n\n\n\n<p><\/p>\n<\/div><\/div><\/div><\/div><\/div>\n\n\n\n<p><\/p>\n","protected":false},"excerpt":{"rendered":"","protected":false},"author":1,"featured_media":0,"parent":0,"menu_order":0,"comment_status":"closed","ping_status":"closed","template":"","meta":[],"yoast_head":"<!-- This site is optimized with the Yoast SEO plugin v15.5 - https:\/\/yoast.com\/wordpress\/plugins\/seo\/ -->\n<title>Tarifs - Shiatsu-lille<\/title>\n<meta name=\"description\" content=\"Tarifs des s\u00e9ances de m\u00e9decine chinoise et de shiatsu : tarif \u00e0 la s\u00e9ance et abonnement annuel 4 saisons.\" \/>\n<meta name=\"robots\" content=\"index, follow, max-snippet:-1, max-image-preview:large, max-video-preview:-1\" \/>\n<link rel=\"canonical\" href=\"https:\/\/shiatsu-lille.com\/index.php\/tarifs\/\" \/>\n<meta property=\"og:locale\" content=\"fr_FR\" \/>\n<meta property=\"og:type\" content=\"article\" \/>\n<meta property=\"og:title\" content=\"Tarifs - Shiatsu-lille\" \/>\n<meta property=\"og:description\" content=\"Tarifs des s\u00e9ances de m\u00e9decine chinoise et de shiatsu : tarif \u00e0 la s\u00e9ance et abonnement annuel 4 saisons.\" \/>\n<meta property=\"og:url\" content=\"https:\/\/shiatsu-lille.com\/index.php\/tarifs\/\" \/>\n<meta property=\"og:site_name\" content=\"Shiatsu-lille\" \/>\n<meta property=\"article:modified_time\" content=\"2025-04-06T12:54:28+00:00\" \/>\n<meta name=\"twitter:card\" content=\"summary_large_image\" \/>\n<meta name=\"twitter:label1\" content=\"Dur\u00e9e de lecture est.\">\n\t<meta name=\"twitter:data1\" content=\"0 minute\">\n<script type=\"application\/ld+json\" class=\"yoast-schema-graph\">{\"@context\":\"https:\/\/schema.org\",\"@graph\":[{\"@type\":\"WebSite\",\"@id\":\"https:\/\/shiatsu-lille.com\/#website\",\"url\":\"https:\/\/shiatsu-lille.com\/\",\"name\":\"Shiatsu-lille\",\"description\":\"Pratique du Shiatsu\",\"potentialAction\":[{\"@type\":\"SearchAction\",\"target\":\"https:\/\/shiatsu-lille.com\/?s={search_term_string}\",\"query-input\":\"required name=search_term_string\"}],\"inLanguage\":\"fr-FR\"},{\"@type\":\"WebPage\",\"@id\":\"https:\/\/shiatsu-lille.com\/index.php\/tarifs\/#webpage\",\"url\":\"https:\/\/shiatsu-lille.com\/index.php\/tarifs\/\",\"name\":\"Tarifs - Shiatsu-lille\",\"isPartOf\":{\"@id\":\"https:\/\/shiatsu-lille.com\/#website\"},\"datePublished\":\"2020-01-10T08:32:27+00:00\",\"dateModified\":\"2025-04-06T12:54:28+00:00\",\"description\":\"Tarifs des s\\u00e9ances de m\\u00e9decine chinoise et de shiatsu : tarif \\u00e0 la s\\u00e9ance et abonnement annuel 4 saisons.\",\"inLanguage\":\"fr-FR\",\"potentialAction\":[{\"@type\":\"ReadAction\",\"target\":[\"https:\/\/shiatsu-lille.com\/index.php\/tarifs\/\"]}]}]}<\/script>\n<!-- \/ Yoast SEO plugin. -->","_links":{"self":[{"href":"https:\/\/shiatsu-lille.com\/index.php\/wp-json\/wp\/v2\/pages\/12"}],"collection":[{"href":"https:\/\/shiatsu-lille.com\/index.php\/wp-json\/wp\/v2\/pages"}],"about":[{"href":"https:\/\/shiatsu-lille.com\/index.php\/wp-json\/wp\/v2\/types\/page"}],"author":[{"embeddable":true,"href":"https:\/\/shiatsu-lille.com\/index.php\/wp-json\/wp\/v2\/users\/1"}],"replies":[{"embeddable":true,"href":"https:\/\/shiatsu-lille.com\/index.php\/wp-json\/wp\/v2\/comments?post=12"}],"version-history":[{"count":23,"href":"https:\/\/shiatsu-lille.com\/index.php\/wp-json\/wp\/v2\/pages\/12\/revisions"}],"predecessor-version":[{"id":772,"href":"https:\/\/shiatsu-lille.com\/index.php\/wp-json\/wp\/v2\/pages\/12\/revisions\/772"}],"wp:attachment":[{"href":"https:\/\/shiatsu-lille.com\/index.php\/wp-json\/wp\/v2\/media?parent=12"}],"curies":[{"name":"wp","href":"https:\/\/api.w.org\/{rel}","templated":true}]}}