{"id":117,"date":"2020-01-17T11:19:00","date_gmt":"2020-01-17T10:19:00","guid":{"rendered":"https:\/\/shiatsu-lille.com\/?page_id=117"},"modified":"2026-04-25T10:37:59","modified_gmt":"2026-04-25T08:37:59","slug":"accueil","status":"publish","type":"page","link":"https:\/\/shiatsu-lille.com\/","title":{"rendered":"Accueil"},"content":{"rendered":"\n<div class=\"wp-block-getwid-section getwid-anim fadeIn\" style=\"margin-bottom:6px\" data-wow-duration=\"1500ms\" data-wow-delay=\"200ms\"><div class=\"wp-block-getwid-section__wrapper getwid-padding-top-large getwid-padding-bottom-large getwid-padding-left-medium getwid-padding-right-medium getwid-reset-min-height-mobile\" style=\"min-height:75vh\"><div class=\"wp-block-getwid-section__inner-wrapper\"><div class=\"wp-block-getwid-section__background-holder\"><div class=\"wp-block-getwid-section__background\" style=\"background-image:url('https:\/\/shiatsu-lille.com\/wp-content\/uploads\/2020\/02\/prairie.jpg')\"><div class=\"wp-block-getwid-section__background-image-wrapper\"><img class=\"wp-block-getwid-section__background-image\" src=\"https:\/\/shiatsu-lille.com\/wp-content\/uploads\/2020\/02\/prairie.jpg\" alt=\"\"\/><\/div><\/div><div class=\"wp-block-getwid-section__foreground\" style=\"opacity:0.26;background-color:#324d00;mix-blend-mode:\"><\/div><\/div><div class=\"wp-block-getwid-section__content\"><div class=\"wp-block-getwid-section__inner-content\">\n<div class=\"wp-block-getwid-advanced-heading has-custom-font-size\" style=\"font-size:4em\"><h1 class=\"wp-block-getwid-advanced-heading__content has-text-color has-light-violet-color\" style=\"text-align:center\">   Prendre soin de soi<\/h1><\/div>\n\n\n\n<div class=\"wp-block-getwid-advanced-spacer\" style=\"height:5vh\" aria-hidden=\"true\"><\/div>\n\n\n\n<div class=\"wp-block-getwid-button-group\"><div class=\"wp-block-getwid-button-group__wrapper has-spacing-large has-alignment-center has-alignment-tablet-center has-alignment-mobile-center has-direction-tablet-row has-direction-mobile-column\">\n<div class=\"wp-block-button is-style-outline\"><a class=\"wp-block-button__link has-light-violet-background-color has-text-color has-background\" href=\"https:\/\/shiatsu-lille.com\/index.php\/ma-pratique\/\" style=\"color:#1e6c9a\"> D\u00e9couvrez ma pratique <\/a><\/div>\n<\/div><\/div>\n<\/div><\/div><\/div><\/div><\/div>\n\n\n\n<div id=\"actu\" class=\"wp-block-getwid-section\" style=\"margin-top:1px\"><div class=\"wp-block-getwid-section__wrapper\" style=\"margin-left:222px;margin-right:169px;padding-top:51px\"><div class=\"wp-block-getwid-section__inner-wrapper\"><div class=\"wp-block-getwid-section__background-holder\"><div class=\"wp-block-getwid-section__background\"><\/div><div class=\"wp-block-getwid-section__foreground\"><\/div><\/div><div class=\"wp-block-getwid-section__content\"><div class=\"wp-block-getwid-section__inner-content\">\n<p class=\"has-text-align-left has-medium-font-size\"><span style=\"color:#3a3b39\" class=\"tadv-color\">Je propose diff\u00e9rentes disciplines pour vous accompagner. <\/span><\/p>\n\n\n\n<p class=\"has-text-align-left has-medium-font-size\"><span style=\"color:#3a3b39\" class=\"tadv-color\">Shiatsu, m\u00e9decine traditionnelle chinoise, gestion du stress et des \u00e9motions : un accompagnement personnalis\u00e9 et adapt\u00e9 \u00e0 vos besoins.<\/span><\/p>\n<\/div><\/div><\/div><\/div><\/div>\n","protected":false},"excerpt":{"rendered":"","protected":false},"author":1,"featured_media":91,"parent":0,"menu_order":0,"comment_status":"closed","ping_status":"closed","template":"","meta":[],"yoast_head":"<!-- This site is optimized with the Yoast SEO plugin v15.5 - https:\/\/yoast.com\/wordpress\/plugins\/seo\/ -->\n<title>Accueil - Shiatsu-lille<\/title>\n<meta name=\"description\" content=\"Respirer et se centrer sont deux axes de travail de la pratique du shiatsu et de la m\u00e9decine chinoise. Une s\u00e9ance offre recentrage et harmonie.\" \/>\n<meta name=\"robots\" content=\"index, follow, max-snippet:-1, max-image-preview:large, max-video-preview:-1\" \/>\n<link rel=\"canonical\" href=\"https:\/\/shiatsu-lille.com\/\" \/>\n<meta property=\"og:locale\" content=\"fr_FR\" \/>\n<meta property=\"og:type\" content=\"article\" \/>\n<meta property=\"og:title\" content=\"Accueil - Shiatsu-lille\" \/>\n<meta property=\"og:description\" content=\"Respirer et se centrer sont deux axes de travail de la pratique du shiatsu et de la m\u00e9decine chinoise. Une s\u00e9ance offre recentrage et harmonie.\" \/>\n<meta property=\"og:url\" content=\"https:\/\/shiatsu-lille.com\/\" \/>\n<meta property=\"og:site_name\" content=\"Shiatsu-lille\" \/>\n<meta property=\"article:modified_time\" content=\"2026-04-25T08:37:59+00:00\" \/>\n<meta property=\"og:image\" content=\"https:\/\/shiatsu-lille.com\/wp-content\/uploads\/2020\/01\/333320-world-nature-nature12.jpg\" \/>\n\t<meta property=\"og:image:width\" content=\"1920\" \/>\n\t<meta property=\"og:image:height\" content=\"1080\" \/>\n<meta name=\"twitter:card\" content=\"summary_large_image\" \/>\n<meta name=\"twitter:label1\" content=\"Dur\u00e9e de lecture est.\">\n\t<meta name=\"twitter:data1\" content=\"0 minute\">\n<script type=\"application\/ld+json\" class=\"yoast-schema-graph\">{\"@context\":\"https:\/\/schema.org\",\"@graph\":[{\"@type\":\"WebSite\",\"@id\":\"https:\/\/shiatsu-lille.com\/#website\",\"url\":\"https:\/\/shiatsu-lille.com\/\",\"name\":\"Shiatsu-lille\",\"description\":\"Pratique du Shiatsu\",\"potentialAction\":[{\"@type\":\"SearchAction\",\"target\":\"https:\/\/shiatsu-lille.com\/?s={search_term_string}\",\"query-input\":\"required name=search_term_string\"}],\"inLanguage\":\"fr-FR\"},{\"@type\":\"ImageObject\",\"@id\":\"https:\/\/shiatsu-lille.com\/#primaryimage\",\"inLanguage\":\"fr-FR\",\"url\":\"https:\/\/shiatsu-lille.com\/wp-content\/uploads\/2020\/01\/333320-world-nature-nature12.jpg\",\"width\":1920,\"height\":1080},{\"@type\":\"WebPage\",\"@id\":\"https:\/\/shiatsu-lille.com\/#webpage\",\"url\":\"https:\/\/shiatsu-lille.com\/\",\"name\":\"Accueil - Shiatsu-lille\",\"isPartOf\":{\"@id\":\"https:\/\/shiatsu-lille.com\/#website\"},\"primaryImageOfPage\":{\"@id\":\"https:\/\/shiatsu-lille.com\/#primaryimage\"},\"datePublished\":\"2020-01-17T10:19:00+00:00\",\"dateModified\":\"2026-04-25T08:37:59+00:00\",\"description\":\"Respirer et se centrer sont deux axes de travail de la pratique du shiatsu et de la m\\u00e9decine chinoise. Une s\\u00e9ance offre recentrage et harmonie.\",\"inLanguage\":\"fr-FR\",\"potentialAction\":[{\"@type\":\"ReadAction\",\"target\":[\"https:\/\/shiatsu-lille.com\/\"]}]}]}<\/script>\n<!-- \/ Yoast SEO plugin. -->","_links":{"self":[{"href":"https:\/\/shiatsu-lille.com\/index.php\/wp-json\/wp\/v2\/pages\/117"}],"collection":[{"href":"https:\/\/shiatsu-lille.com\/index.php\/wp-json\/wp\/v2\/pages"}],"about":[{"href":"https:\/\/shiatsu-lille.com\/index.php\/wp-json\/wp\/v2\/types\/page"}],"author":[{"embeddable":true,"href":"https:\/\/shiatsu-lille.com\/index.php\/wp-json\/wp\/v2\/users\/1"}],"replies":[{"embeddable":true,"href":"https:\/\/shiatsu-lille.com\/index.php\/wp-json\/wp\/v2\/comments?post=117"}],"version-history":[{"count":54,"href":"https:\/\/shiatsu-lille.com\/index.php\/wp-json\/wp\/v2\/pages\/117\/revisions"}],"predecessor-version":[{"id":779,"href":"https:\/\/shiatsu-lille.com\/index.php\/wp-json\/wp\/v2\/pages\/117\/revisions\/779"}],"wp:featuredmedia":[{"embeddable":true,"href":"https:\/\/shiatsu-lille.com\/index.php\/wp-json\/wp\/v2\/media\/91"}],"wp:attachment":[{"href":"https:\/\/shiatsu-lille.com\/index.php\/wp-json\/wp\/v2\/media?parent=117"}],"curies":[{"name":"wp","href":"https:\/\/api.w.org\/{rel}","templated":true}]}}